{"id":2776,"date":"2021-07-18T20:43:59","date_gmt":"2021-07-19T01:43:59","guid":{"rendered":"https:\/\/www.bmwclasicos.com\/magazine\/?page_id=2776"},"modified":"2025-12-17T09:15:11","modified_gmt":"2025-12-17T14:15:11","slug":"magazine","status":"publish","type":"page","link":"https:\/\/www.bmwclasicos.com\/magazine\/","title":{"rendered":"Magazine"},"content":{"rendered":"\t\t<div data-elementor-type=\"wp-page\" data-elementor-id=\"2776\" class=\"elementor elementor-2776\" data-elementor-post-type=\"page\">\n\t\t\t\t\t\t<section class=\"elementor-section elementor-top-section elementor-element elementor-element-12cec35 elementor-section-full_width elementor-section-height-full elementor-section-items-top elementor-section-stretched elementor-section-content-top elementor-section-height-default\" data-id=\"12cec35\" data-element_type=\"section\" data-settings=\"{&quot;stretch_section&quot;:&quot;section-stretched&quot;}\">\n\t\t\t\t\t\t<div class=\"elementor-container elementor-column-gap-no\">\n\t\t\t\t\t<div class=\"elementor-column elementor-col-100 elementor-top-column elementor-element elementor-element-d470537 elementor-invisible\" data-id=\"d470537\" data-element_type=\"column\" data-settings=\"{&quot;animation&quot;:&quot;fadeIn&quot;}\">\n\t\t\t<div class=\"elementor-widget-wrap elementor-element-populated\">\n\t\t\t\t\t\t<div class=\"elementor-element elementor-element-4b31531 elementor--h-position-left elementor--v-position-middle elementor-arrows-position-inside elementor-pagination-position-inside elementor-widget elementor-widget-slides\" data-id=\"4b31531\" data-element_type=\"widget\" data-settings=\"{&quot;navigation&quot;:&quot;both&quot;,&quot;autoplay&quot;:&quot;yes&quot;,&quot;pause_on_hover&quot;:&quot;yes&quot;,&quot;pause_on_interaction&quot;:&quot;yes&quot;,&quot;autoplay_speed&quot;:5000,&quot;infinite&quot;:&quot;yes&quot;,&quot;transition&quot;:&quot;slide&quot;,&quot;transition_speed&quot;:500}\" data-widget_type=\"slides.default\">\n\t\t\t\t<div class=\"elementor-widget-container\">\n\t\t\t\t\t\t\t\t\t<div class=\"elementor-swiper\">\n\t\t\t\t\t<div class=\"elementor-slides-wrapper elementor-main-swiper swiper\" role=\"region\" aria-roledescription=\"carousel\" aria-label=\"Slides\" dir=\"ltr\" data-animation=\"\">\n\t\t\t\t<div class=\"swiper-wrapper elementor-slides\">\n\t\t\t\t\t\t\t\t\t\t<div class=\"elementor-repeater-item-416c72a swiper-slide\" role=\"group\" aria-roledescription=\"slide\"><div class=\"swiper-slide-bg\" role=\"img\"><\/div><div class=\"elementor-background-overlay\"><\/div><a class=\"swiper-slide-inner\" href=\"https:\/\/www.bmwclasicos.com\/magazine\/entradas-magazine\"><div class=\"swiper-slide-contents\"><div class=\"elementor-slide-heading\">DOSSIER<\/div><div class=\"elementor-slide-description\">Descubre <font color=\"#f68632\">todos los art\u00edculos<\/font> de nuestro Magazine<\/div><div  class=\"elementor-button elementor-slide-button elementor-size-sm\">Ver m\u00e1s art\u00edculos<\/div><\/div><\/a><\/div><div class=\"elementor-repeater-item-542c6d9 swiper-slide\" role=\"group\" aria-roledescription=\"slide\"><div class=\"swiper-slide-bg\" role=\"img\"><\/div><div class=\"elementor-background-overlay\"><\/div><a class=\"swiper-slide-inner\" href=\"https:\/\/www.bmwclasicos.com\/magazine\/\/archivos\/2586\"><div class=\"swiper-slide-contents\"><div class=\"elementor-slide-heading\">EL GRAN PREMIO<\/div><div class=\"elementor-slide-description\">\u00a168 a\u00f1os despu\u00e9s <font color=\"#f68632\">se revive la legendaria carrera<\/font> entre Cundinamarca y Boyac\u00e1!<\/div><div  class=\"elementor-button elementor-slide-button elementor-size-sm\">Leer m\u00e1s<\/div><\/div><\/a><\/div><div class=\"elementor-repeater-item-8d3a7b2 swiper-slide\" role=\"group\" aria-roledescription=\"slide\"><div class=\"swiper-slide-bg\" role=\"img\"><\/div><div class=\"elementor-background-overlay\"><\/div><a class=\"swiper-slide-inner\" href=\"https:\/\/www.bmwclasicos.com\/magazine\/archivos\/2267\"><div class=\"swiper-slide-contents\"><div class=\"elementor-slide-heading\">EMW<\/div><div class=\"elementor-slide-description\">Eisenach Motorrenwerke, las <font color=\"#f68632\">copias sovi\u00e9ticas de BMW<\/font> fabricadas en la Alemania oriental<\/div><div  class=\"elementor-button elementor-slide-button elementor-size-sm\">Leer m\u00e1s<\/div><\/div><\/a><\/div><div class=\"elementor-repeater-item-020a5bb swiper-slide\" role=\"group\" aria-roledescription=\"slide\"><div class=\"swiper-slide-bg\" role=\"img\"><\/div><div class=\"elementor-background-overlay\"><\/div><a class=\"swiper-slide-inner\" href=\"https:\/\/www.bmwclasicos.com\/magazine\/?s=podcast\"><div class=\"swiper-slide-contents\"><div class=\"elementor-slide-heading\">PODCAST BMW<\/div><div class=\"elementor-slide-description\">Conozca el nuevo <font color=\"#f68632\">programa en audio digital<\/font> del BMW Club Cl\u00e1sicos Colombia<\/div><div  class=\"elementor-button elementor-slide-button elementor-size-sm\">Leer m\u00e1s<\/div><\/div><\/a><\/div>\t\t\t\t<\/div>\n\t\t\t\t\t\t\t\t\t\t\t\t\t\t\t<div class=\"elementor-swiper-button elementor-swiper-button-prev\" role=\"button\" tabindex=\"0\" aria-label=\"Previous slide\">\n\t\t\t\t\t\t\t<i aria-hidden=\"true\" class=\"eicon-chevron-left\"><\/i>\t\t\t\t\t\t<\/div>\n\t\t\t\t\t\t<div class=\"elementor-swiper-button elementor-swiper-button-next\" role=\"button\" tabindex=\"0\" aria-label=\"Next slide\">\n\t\t\t\t\t\t\t<i aria-hidden=\"true\" class=\"eicon-chevron-right\"><\/i>\t\t\t\t\t\t<\/div>\n\t\t\t\t\t\t\t\t\t\t\t\t\t\t\t\t<div class=\"swiper-pagination\"><\/div>\n\t\t\t\t\t\t\t\t\t\t\t\t<\/div>\n\t\t\t\t<\/div>\n\t\t\t\t\t\t\t\t<\/div>\n\t\t\t\t<\/div>\n\t\t\t\t\t<\/div>\n\t\t<\/div>\n\t\t\t\t\t<\/div>\n\t\t<\/section>\n\t\t\t\t<\/div>\n\t\t","protected":false},"excerpt":{"rendered":"<p>DOSSIERDescubre todos los art\u00edculos de nuestro MagazineVer m\u00e1s art\u00edculosEL GRAN PREMIO\u00a168 a\u00f1os despu\u00e9s se revive la legendaria carrera entre Cundinamarca y Boyac\u00e1!Leer m\u00e1sEMWEisenach Motorrenwerke, las copias sovi\u00e9ticas de BMW fabricadas en la Alemania orientalLeer m\u00e1sPODCAST BMWConozca el nuevo programa en audio digital del BMW Club Cl\u00e1sicos ColombiaLeer m\u00e1s<\/p>\n","protected":false},"author":1,"featured_media":0,"parent":0,"menu_order":0,"comment_status":"closed","ping_status":"closed","template":"","meta":{"ocean_post_layout":"","ocean_both_sidebars_style":"","ocean_both_sidebars_content_width":0,"ocean_both_sidebars_sidebars_width":0,"ocean_sidebar":"0","ocean_second_sidebar":"0","ocean_disable_margins":"enable","ocean_add_body_class":"","ocean_shortcode_before_top_bar":"","ocean_shortcode_after_top_bar":"","ocean_shortcode_before_header":"","ocean_shortcode_after_header":"","ocean_has_shortcode":"","ocean_shortcode_after_title":"","ocean_shortcode_before_footer_widgets":"","ocean_shortcode_after_footer_widgets":"","ocean_shortcode_before_footer_bottom":"","ocean_shortcode_after_footer_bottom":"","ocean_display_top_bar":"default","ocean_display_header":"default","ocean_header_style":"","ocean_center_header_left_menu":"0","ocean_custom_header_template":"0","ocean_custom_logo":0,"ocean_custom_retina_logo":0,"ocean_custom_logo_max_width":0,"ocean_custom_logo_tablet_max_width":0,"ocean_custom_logo_mobile_max_width":0,"ocean_custom_logo_max_height":0,"ocean_custom_logo_tablet_max_height":0,"ocean_custom_logo_mobile_max_height":0,"ocean_header_custom_menu":"0","ocean_menu_typo_font_family":"0","ocean_menu_typo_font_subset":"","ocean_menu_typo_font_size":0,"ocean_menu_typo_font_size_tablet":0,"ocean_menu_typo_font_size_mobile":0,"ocean_menu_typo_font_size_unit":"px","ocean_menu_typo_font_weight":"","ocean_menu_typo_font_weight_tablet":"","ocean_menu_typo_font_weight_mobile":"","ocean_menu_typo_transform":"","ocean_menu_typo_transform_tablet":"","ocean_menu_typo_transform_mobile":"","ocean_menu_typo_line_height":0,"ocean_menu_typo_line_height_tablet":0,"ocean_menu_typo_line_height_mobile":0,"ocean_menu_typo_line_height_unit":"","ocean_menu_typo_spacing":0,"ocean_menu_typo_spacing_tablet":0,"ocean_menu_typo_spacing_mobile":0,"ocean_menu_typo_spacing_unit":"","ocean_menu_link_color":"","ocean_menu_link_color_hover":"","ocean_menu_link_color_active":"","ocean_menu_link_background":"","ocean_menu_link_hover_background":"","ocean_menu_link_active_background":"","ocean_menu_social_links_bg":"","ocean_menu_social_hover_links_bg":"","ocean_menu_social_links_color":"","ocean_menu_social_hover_links_color":"","ocean_disable_title":"on","ocean_disable_heading":"default","ocean_post_title":"","ocean_post_subheading":"","ocean_post_title_style":"","ocean_post_title_background_color":"","ocean_post_title_background":0,"ocean_post_title_bg_image_position":"","ocean_post_title_bg_image_attachment":"","ocean_post_title_bg_image_repeat":"","ocean_post_title_bg_image_size":"","ocean_post_title_height":0,"ocean_post_title_bg_overlay":0.5,"ocean_post_title_bg_overlay_color":"","ocean_disable_breadcrumbs":"default","ocean_breadcrumbs_color":"","ocean_breadcrumbs_separator_color":"","ocean_breadcrumbs_links_color":"","ocean_breadcrumbs_links_hover_color":"","ocean_display_footer_widgets":"off","ocean_display_footer_bottom":"off","ocean_custom_footer_template":"0","jetpack_post_was_ever_published":false,"footnotes":""},"class_list":["post-2776","page","type-page","status-publish","hentry","entry"],"yoast_head":"<!-- This site is optimized with the Yoast SEO plugin v26.6 - https:\/\/yoast.com\/wordpress\/plugins\/seo\/ -->\n<title>Magazine :: BMW Club Cl\u00e1sicos Colombia<\/title>\n<meta name=\"robots\" content=\"index, follow, max-snippet:-1, max-image-preview:large, max-video-preview:-1\" \/>\n<link rel=\"canonical\" href=\"https:\/\/www.bmwclasicos.com\/magazine\/\" \/>\n<meta property=\"og:locale\" content=\"es_ES\" \/>\n<meta property=\"og:type\" content=\"article\" \/>\n<meta property=\"og:title\" content=\"Magazine :: BMW Club Cl\u00e1sicos Colombia\" \/>\n<meta property=\"og:description\" content=\"DOSSIERDescubre todos los art\u00edculos de nuestro MagazineVer m\u00e1s art\u00edculosEL GRAN PREMIO\u00a168 a\u00f1os despu\u00e9s se revive la legendaria carrera entre Cundinamarca y Boyac\u00e1!Leer m\u00e1sEMWEisenach Motorrenwerke, las copias sovi\u00e9ticas de BMW fabricadas en la Alemania orientalLeer m\u00e1sPODCAST BMWConozca el nuevo programa en audio digital del BMW Club Cl\u00e1sicos ColombiaLeer m\u00e1s\" \/>\n<meta property=\"og:url\" content=\"https:\/\/www.bmwclasicos.com\/magazine\/\" \/>\n<meta property=\"og:site_name\" content=\"Magazine :: BMW Club Cl\u00e1sicos Colombia\" \/>\n<meta property=\"article:modified_time\" content=\"2025-12-17T14:15:11+00:00\" \/>\n<meta name=\"twitter:card\" content=\"summary_large_image\" \/>\n<meta name=\"twitter:label1\" content=\"Tiempo de lectura\" \/>\n\t<meta name=\"twitter:data1\" content=\"1 minuto\" \/>\n<script type=\"application\/ld+json\" class=\"yoast-schema-graph\">{\"@context\":\"https:\/\/schema.org\",\"@graph\":[{\"@type\":\"WebPage\",\"@id\":\"https:\/\/www.bmwclasicos.com\/magazine\/\",\"url\":\"https:\/\/www.bmwclasicos.com\/magazine\/\",\"name\":\"Magazine :: BMW Club Cl\u00e1sicos Colombia\",\"isPartOf\":{\"@id\":\"https:\/\/www.bmwclasicos.com\/magazine\/#website\"},\"datePublished\":\"2021-07-19T01:43:59+00:00\",\"dateModified\":\"2025-12-17T14:15:11+00:00\",\"breadcrumb\":{\"@id\":\"https:\/\/www.bmwclasicos.com\/magazine\/#breadcrumb\"},\"inLanguage\":\"es\",\"potentialAction\":[{\"@type\":\"ReadAction\",\"target\":[\"https:\/\/www.bmwclasicos.com\/magazine\/\"]}]},{\"@type\":\"BreadcrumbList\",\"@id\":\"https:\/\/www.bmwclasicos.com\/magazine\/#breadcrumb\",\"itemListElement\":[{\"@type\":\"ListItem\",\"position\":1,\"name\":\"Portada\",\"item\":\"https:\/\/www.bmwclasicos.com\/magazine\/\"},{\"@type\":\"ListItem\",\"position\":2,\"name\":\"Magazine\"}]},{\"@type\":\"WebSite\",\"@id\":\"https:\/\/www.bmwclasicos.com\/magazine\/#website\",\"url\":\"https:\/\/www.bmwclasicos.com\/magazine\/\",\"name\":\"Magazine :: BMW Club Cl\u00e1sicos Colombia\",\"description\":\"\",\"publisher\":{\"@id\":\"https:\/\/www.bmwclasicos.com\/magazine\/#organization\"},\"potentialAction\":[{\"@type\":\"SearchAction\",\"target\":{\"@type\":\"EntryPoint\",\"urlTemplate\":\"https:\/\/www.bmwclasicos.com\/magazine\/?s={search_term_string}\"},\"query-input\":{\"@type\":\"PropertyValueSpecification\",\"valueRequired\":true,\"valueName\":\"search_term_string\"}}],\"inLanguage\":\"es\"},{\"@type\":\"Organization\",\"@id\":\"https:\/\/www.bmwclasicos.com\/magazine\/#organization\",\"name\":\"Magazine :: BMW Club Cl\u00e1sicos Colombia\",\"url\":\"https:\/\/www.bmwclasicos.com\/magazine\/\",\"logo\":{\"@type\":\"ImageObject\",\"inLanguage\":\"es\",\"@id\":\"https:\/\/www.bmwclasicos.com\/magazine\/#\/schema\/logo\/image\/\",\"url\":\"https:\/\/i0.wp.com\/www.bmwclasicos.com\/magazine\/wp-content\/uploads\/2021\/07\/LOGO-NUEVO-2021-CLUB-CLASICOS-BMW-1.jpg?fit=1800%2C2200&ssl=1\",\"contentUrl\":\"https:\/\/i0.wp.com\/www.bmwclasicos.com\/magazine\/wp-content\/uploads\/2021\/07\/LOGO-NUEVO-2021-CLUB-CLASICOS-BMW-1.jpg?fit=1800%2C2200&ssl=1\",\"width\":1800,\"height\":2200,\"caption\":\"Magazine :: BMW Club Cl\u00e1sicos Colombia\"},\"image\":{\"@id\":\"https:\/\/www.bmwclasicos.com\/magazine\/#\/schema\/logo\/image\/\"}}]}<\/script>\n<!-- \/ Yoast SEO plugin. -->","yoast_head_json":{"title":"Magazine :: BMW Club Cl\u00e1sicos Colombia","robots":{"index":"index","follow":"follow","max-snippet":"max-snippet:-1","max-image-preview":"max-image-preview:large","max-video-preview":"max-video-preview:-1"},"canonical":"https:\/\/www.bmwclasicos.com\/magazine\/","og_locale":"es_ES","og_type":"article","og_title":"Magazine :: BMW Club Cl\u00e1sicos Colombia","og_description":"DOSSIERDescubre todos los art\u00edculos de nuestro MagazineVer m\u00e1s art\u00edculosEL GRAN PREMIO\u00a168 a\u00f1os despu\u00e9s se revive la legendaria carrera entre Cundinamarca y Boyac\u00e1!Leer m\u00e1sEMWEisenach Motorrenwerke, las copias sovi\u00e9ticas de BMW fabricadas en la Alemania orientalLeer m\u00e1sPODCAST BMWConozca el nuevo programa en audio digital del BMW Club Cl\u00e1sicos ColombiaLeer m\u00e1s","og_url":"https:\/\/www.bmwclasicos.com\/magazine\/","og_site_name":"Magazine :: BMW Club Cl\u00e1sicos Colombia","article_modified_time":"2025-12-17T14:15:11+00:00","twitter_card":"summary_large_image","twitter_misc":{"Tiempo de lectura":"1 minuto"},"schema":{"@context":"https:\/\/schema.org","@graph":[{"@type":"WebPage","@id":"https:\/\/www.bmwclasicos.com\/magazine\/","url":"https:\/\/www.bmwclasicos.com\/magazine\/","name":"Magazine :: BMW Club Cl\u00e1sicos Colombia","isPartOf":{"@id":"https:\/\/www.bmwclasicos.com\/magazine\/#website"},"datePublished":"2021-07-19T01:43:59+00:00","dateModified":"2025-12-17T14:15:11+00:00","breadcrumb":{"@id":"https:\/\/www.bmwclasicos.com\/magazine\/#breadcrumb"},"inLanguage":"es","potentialAction":[{"@type":"ReadAction","target":["https:\/\/www.bmwclasicos.com\/magazine\/"]}]},{"@type":"BreadcrumbList","@id":"https:\/\/www.bmwclasicos.com\/magazine\/#breadcrumb","itemListElement":[{"@type":"ListItem","position":1,"name":"Portada","item":"https:\/\/www.bmwclasicos.com\/magazine\/"},{"@type":"ListItem","position":2,"name":"Magazine"}]},{"@type":"WebSite","@id":"https:\/\/www.bmwclasicos.com\/magazine\/#website","url":"https:\/\/www.bmwclasicos.com\/magazine\/","name":"Magazine :: BMW Club Cl\u00e1sicos Colombia","description":"","publisher":{"@id":"https:\/\/www.bmwclasicos.com\/magazine\/#organization"},"potentialAction":[{"@type":"SearchAction","target":{"@type":"EntryPoint","urlTemplate":"https:\/\/www.bmwclasicos.com\/magazine\/?s={search_term_string}"},"query-input":{"@type":"PropertyValueSpecification","valueRequired":true,"valueName":"search_term_string"}}],"inLanguage":"es"},{"@type":"Organization","@id":"https:\/\/www.bmwclasicos.com\/magazine\/#organization","name":"Magazine :: BMW Club Cl\u00e1sicos Colombia","url":"https:\/\/www.bmwclasicos.com\/magazine\/","logo":{"@type":"ImageObject","inLanguage":"es","@id":"https:\/\/www.bmwclasicos.com\/magazine\/#\/schema\/logo\/image\/","url":"https:\/\/i0.wp.com\/www.bmwclasicos.com\/magazine\/wp-content\/uploads\/2021\/07\/LOGO-NUEVO-2021-CLUB-CLASICOS-BMW-1.jpg?fit=1800%2C2200&ssl=1","contentUrl":"https:\/\/i0.wp.com\/www.bmwclasicos.com\/magazine\/wp-content\/uploads\/2021\/07\/LOGO-NUEVO-2021-CLUB-CLASICOS-BMW-1.jpg?fit=1800%2C2200&ssl=1","width":1800,"height":2200,"caption":"Magazine :: BMW Club Cl\u00e1sicos Colombia"},"image":{"@id":"https:\/\/www.bmwclasicos.com\/magazine\/#\/schema\/logo\/image\/"}}]}},"jetpack_sharing_enabled":true,"jetpack_shortlink":"https:\/\/wp.me\/P2z0IX-IM","jetpack_likes_enabled":true,"jetpack-related-posts":[{"id":3733,"url":"https:\/\/www.bmwclasicos.com\/magazine\/entradas-magazine","url_meta":{"origin":2776,"position":0},"title":"Entradas Magazine","author":"BMW Club Cl\u00e1sicos Colombia","date":"15 abril, 2025","format":false,"excerpt":"","rel":"","context":"Entrada similar","block_context":{"text":"Entrada similar","link":""},"img":{"alt_text":"","src":"","width":0,"height":0},"classes":[]}],"rttpg_featured_image_url":null,"rttpg_author":{"display_name":"BMW Club Cl\u00e1sicos Colombia","author_link":"https:\/\/www.bmwclasicos.com\/magazine\/archivos\/author\/bmwclasicos"},"rttpg_comment":0,"rttpg_category":null,"rttpg_excerpt":"DOSSIERDescubre todos los art\u00edculos de nuestro MagazineVer m\u00e1s art\u00edculosEL GRAN PREMIO\u00a168 a\u00f1os despu\u00e9s se revive la legendaria carrera entre Cundinamarca y Boyac\u00e1!Leer m\u00e1sEMWEisenach Motorrenwerke, las copias sovi\u00e9ticas de BMW fabricadas en la Alemania orientalLeer m\u00e1sPODCAST BMWConozca el nuevo programa en audio digital del BMW Club Cl\u00e1sicos ColombiaLeer m\u00e1s","_links":{"self":[{"href":"https:\/\/www.bmwclasicos.com\/magazine\/wp-json\/wp\/v2\/pages\/2776","targetHints":{"allow":["GET"]}}],"collection":[{"href":"https:\/\/www.bmwclasicos.com\/magazine\/wp-json\/wp\/v2\/pages"}],"about":[{"href":"https:\/\/www.bmwclasicos.com\/magazine\/wp-json\/wp\/v2\/types\/page"}],"author":[{"embeddable":true,"href":"https:\/\/www.bmwclasicos.com\/magazine\/wp-json\/wp\/v2\/users\/1"}],"replies":[{"embeddable":true,"href":"https:\/\/www.bmwclasicos.com\/magazine\/wp-json\/wp\/v2\/comments?post=2776"}],"version-history":[{"count":531,"href":"https:\/\/www.bmwclasicos.com\/magazine\/wp-json\/wp\/v2\/pages\/2776\/revisions"}],"predecessor-version":[{"id":3845,"href":"https:\/\/www.bmwclasicos.com\/magazine\/wp-json\/wp\/v2\/pages\/2776\/revisions\/3845"}],"wp:attachment":[{"href":"https:\/\/www.bmwclasicos.com\/magazine\/wp-json\/wp\/v2\/media?parent=2776"}],"curies":[{"name":"wp","href":"https:\/\/api.w.org\/{rel}","templated":true}]}}